{"id":2499,"date":"2023-07-03T20:11:25","date_gmt":"2023-07-03T13:11:25","guid":{"rendered":"https:\/\/thintechcoatings.com\/?page_id=2499"},"modified":"2023-07-05T17:32:12","modified_gmt":"2023-07-05T10:32:12","slug":"intumescent-coating","status":"publish","type":"page","link":"https:\/\/thintechcoatings.com\/vi\/cac-san-pham\/lop-phu-phong-len\/","title":{"rendered":"L\u1edbp Ph\u1ee7 Ch\u1ed1ng Ch\u00e1y"},"content":{"rendered":"<div data-elementor-type=\"wp-page\" data-elementor-id=\"2499\" class=\"elementor elementor-2499\" data-elementor-post-type=\"page\">\n\t\t\t\t<div class=\"elementor-element elementor-element-3178f7d e-con-full e-flex e-con e-parent\" data-id=\"3178f7d\" data-element_type=\"container\" data-settings=\"{&quot;background_background&quot;:&quot;classic&quot;,&quot;background_motion_fx_motion_fx_mouse&quot;:&quot;yes&quot;,&quot;background_motion_fx_mouseTrack_effect&quot;:&quot;yes&quot;,&quot;background_motion_fx_mouseTrack_speed&quot;:{&quot;unit&quot;:&quot;px&quot;,&quot;size&quot;:1,&quot;sizes&quot;:[]}}\">\n\t\t<div class=\"elementor-element elementor-element-c218130 e-con-full e-flex e-con e-parent\" data-id=\"c218130\" data-element_type=\"container\">\n\t\t<div class=\"elementor-element elementor-element-e103682 e-flex e-con-boxed e-con e-parent\" data-id=\"e103682\" data-element_type=\"container\">\n\t\t\t\t\t<div class=\"e-con-inner\">\n\t\t<div class=\"elementor-element elementor-element-64ec908 e-con-full e-flex e-con e-parent\" data-id=\"64ec908\" data-element_type=\"container\">\n\t\t\t\t<div class=\"elementor-element elementor-element-a594764 elementor-invisible elementor-widget elementor-widget-heading\" data-id=\"a594764\" data-element_type=\"widget\" data-settings=\"{&quot;_animation&quot;:&quot;fadeInUp&quot;}\" data-widget_type=\"heading.default\">\n\t\t\t\t<div class=\"elementor-widget-container\">\n\t\t\t\t\t<h6 class=\"elementor-heading-title elementor-size-default\">C\u00f4ng ngh\u1ec7 s\u01a1n ph\u1ee7 ti\u00ean ti\u1ebfn<\/h6>\t\t\t\t<\/div>\n\t\t\t\t<\/div>\n\t\t\t\t<div class=\"elementor-element elementor-element-c76d680 elementor-invisible elementor-widget elementor-widget-heading\" data-id=\"c76d680\" data-element_type=\"widget\" data-settings=\"{&quot;_animation&quot;:&quot;fadeInUp&quot;,&quot;_animation_delay&quot;:200}\" data-widget_type=\"heading.default\">\n\t\t\t\t<div class=\"elementor-widget-container\">\n\t\t\t\t\t<h1 class=\"elementor-heading-title elementor-size-default\">L\u1edbp Ph\u1ee7 Ch\u1ed1ng Ch\u00e1y<\/h1>\t\t\t\t<\/div>\n\t\t\t\t<\/div>\n\t\t\t\t<div class=\"elementor-element elementor-element-7976203 elementor-invisible elementor-widget elementor-widget-heading\" data-id=\"7976203\" data-element_type=\"widget\" data-settings=\"{&quot;_animation&quot;:&quot;fadeInUp&quot;,&quot;_animation_delay&quot;:300}\" data-widget_type=\"heading.default\">\n\t\t\t\t<div class=\"elementor-widget-container\">\n\t\t\t\t\t<div class=\"elementor-heading-title elementor-size-default\">L\u1edbp ph\u1ee7 ch\u1ed1ng ch\u00e1y v\u1eadt li\u1ec7u chuy\u00ean d\u1ee5ng \u0111\u01b0\u1ee3c d\u00f9ng b\u1ea3o v\u1ec7 b\u1ec1 m\u1eb7t khi ti\u1ebfp x\u00fac v\u1edbi nhi\u1ec7t \u0111\u1ed9 cao v\u1edbi \u0111\u1eb7c t\u00ednh khi nhi\u1ec7t \u0111\u00f4 cao, l\u1edbp ph\u1ee7 s\u1ebd n\u1edf ra v\u00e0 t\u1ea1o th\u00e0nh m\u1ed9t l\u1edbp c\u00e1ch nhi\u1ec7t. L\u1edbp ph\u1ee7 \u0111\u00f3ng vai tr\u00f2 quan tr\u1ecdng trong vi\u1ec7c b\u1ea3o v\u1ec7 t\u00ednh to\u00e0n v\u1eb9n c\u1ea5u tr\u00fac c\u1ee7a c\u00e1c t\u00f2a nh\u00e0 trong tr\u01b0\u1eddng h\u1ee3p h\u1ecfa ho\u1ea1n b\u1eb1ng c\u00e1ch l\u00e0m ch\u1eadm qu\u00e1 tr\u00ecnh truy\u1ec1n nhi\u1ec7t th\u1ea9m th\u1ea5u ch\u1ea5t n\u1ec1n b\u00ean d\u01b0\u1edbi, t\u1eeb \u0111\u00f3 ng\u0103n ch\u1eb7n \u0111\u01b0\u1ee3c h\u01b0 h\u1ecfng ho\u1eb7c s\u1ee5p \u0111\u1ed5. Ngo\u00e0i ra, l\u1edbp ph\u1ee7 ch\u1ed1ng ch\u00e1y ho\u1ea1t \u0111\u1ed9ng nh\u01b0 m\u1ed9t r\u00e0o c\u1ea3n ch\u1ed1ng l\u1ea1i s\u1ef1 lan truy\u1ec1n c\u1ee7a l\u1eeda b\u1eb1ng c\u00e1ch gi\u1ea3m kh\u1ea3 n\u0103ng b\u1eaft l\u1eeda c\u1ee7a b\u1ec1 m\u1eb7t b\u00ean d\u01b0\u1edbi. V\u1edbi kh\u1ea3 n\u0103ng c\u00f3 \u0111\u1ed9 ph\u1ed3ng l\u00ean t\u1ea1o th\u00e0nh m\u1ed9t h\u00e0ng r\u00e0o ch\u1ecbu nhi\u1ec7t gi\u00fap k\u00e9o d\u00e0i th\u1eddi gian qu\u00fd b\u00e1u \u0111\u1ec3 s\u01a1 t\u00e1n v\u00e0 cho ph\u00e9p l\u1ef1c l\u01b0\u1ee3ng c\u1ee9u h\u1ecfa d\u1ec5 d\u00e0ng ki\u1ec3m so\u00e1t \u0111\u00e1m ch\u00e1y.\n<\/div>\t\t\t\t<\/div>\n\t\t\t\t<\/div>\n\t\t\t\t<div class=\"elementor-element elementor-element-852d787 elementor-widget elementor-widget-heading\" data-id=\"852d787\" data-element_type=\"widget\" data-widget_type=\"heading.default\">\n\t\t\t\t<div class=\"elementor-widget-container\">\n\t\t\t\t\t<h6 class=\"elementor-heading-title elementor-size-default\">C\u00f3 s\u1eb5n:<\/h6>\t\t\t\t<\/div>\n\t\t\t\t<\/div>\n\t\t<div class=\"elementor-element elementor-element-dcbf7a4 e-con-full e-flex e-con e-parent\" data-id=\"dcbf7a4\" data-element_type=\"container\">\n\t\t<div class=\"elementor-element elementor-element-03adc0b e-con-full e-flex e-con e-parent\" data-id=\"03adc0b\" data-element_type=\"container\">\n\t\t\t\t<div class=\"elementor-element elementor-element-d45b801 elementor-widget elementor-widget-counter\" data-id=\"d45b801\" data-element_type=\"widget\" data-widget_type=\"counter.default\">\n\t\t\t\t<div class=\"elementor-widget-container\">\n\t\t\t\t\t\t\t<div class=\"elementor-counter\">\n\t\t\t<div class=\"elementor-counter-title\">l\u00edt<\/div>\t\t\t<div class=\"elementor-counter-number-wrapper\">\n\t\t\t\t<span class=\"elementor-counter-number-prefix\"><\/span>\n\t\t\t\t<span class=\"elementor-counter-number\" data-duration=\"2000\" data-to-value=\"1000\" data-from-value=\"0\" data-delimiter=\",\">0<\/span>\n\t\t\t\t<span class=\"elementor-counter-number-suffix\"><\/span>\n\t\t\t<\/div>\n\t\t<\/div>\n\t\t\t\t\t\t<\/div>\n\t\t\t\t<\/div>\n\t\t\t\t<\/div>\n\t\t<div class=\"elementor-element elementor-element-768fbb4 e-con-full e-flex e-con e-parent\" data-id=\"768fbb4\" data-element_type=\"container\">\n\t\t\t\t<div class=\"elementor-element elementor-element-dbb2d0f elementor-widget elementor-widget-counter\" data-id=\"dbb2d0f\" data-element_type=\"widget\" data-widget_type=\"counter.default\">\n\t\t\t\t<div class=\"elementor-widget-container\">\n\t\t\t\t\t\t\t<div class=\"elementor-counter\">\n\t\t\t<div class=\"elementor-counter-title\">l\u00edt<\/div>\t\t\t<div class=\"elementor-counter-number-wrapper\">\n\t\t\t\t<span class=\"elementor-counter-number-prefix\"><\/span>\n\t\t\t\t<span class=\"elementor-counter-number\" data-duration=\"2000\" data-to-value=\"210\" data-from-value=\"0\" data-delimiter=\",\">0<\/span>\n\t\t\t\t<span class=\"elementor-counter-number-suffix\"><\/span>\n\t\t\t<\/div>\n\t\t<\/div>\n\t\t\t\t\t\t<\/div>\n\t\t\t\t<\/div>\n\t\t\t\t<\/div>\n\t\t<div class=\"elementor-element elementor-element-5829cbe e-con-full e-flex e-con e-parent\" data-id=\"5829cbe\" data-element_type=\"container\">\n\t\t\t\t<div class=\"elementor-element elementor-element-25469f4 elementor-widget elementor-widget-counter\" data-id=\"25469f4\" data-element_type=\"widget\" data-widget_type=\"counter.default\">\n\t\t\t\t<div class=\"elementor-widget-container\">\n\t\t\t\t\t\t\t<div class=\"elementor-counter\">\n\t\t\t<div class=\"elementor-counter-title\">l\u00edt<\/div>\t\t\t<div class=\"elementor-counter-number-wrapper\">\n\t\t\t\t<span class=\"elementor-counter-number-prefix\"><\/span>\n\t\t\t\t<span class=\"elementor-counter-number\" data-duration=\"2000\" data-to-value=\"20\" data-from-value=\"0\" data-delimiter=\",\">0<\/span>\n\t\t\t\t<span class=\"elementor-counter-number-suffix\"><\/span>\n\t\t\t<\/div>\n\t\t<\/div>\n\t\t\t\t\t\t<\/div>\n\t\t\t\t<\/div>\n\t\t\t\t<\/div>\n\t\t\t\t<\/div>\n\t\t\t\t<\/div>\n\t\t<div class=\"elementor-element elementor-element-1598ccd e-con-full e-flex e-con e-parent\" data-id=\"1598ccd\" data-element_type=\"container\" data-settings=\"{&quot;background_background&quot;:&quot;classic&quot;}\">\n\t\t\t\t<div class=\"elementor-element elementor-element-671a0ca elementor-widget elementor-widget-image\" data-id=\"671a0ca\" data-element_type=\"widget\" data-settings=\"{&quot;motion_fx_motion_fx_mouse&quot;:&quot;yes&quot;,&quot;motion_fx_tilt_effect&quot;:&quot;yes&quot;,&quot;motion_fx_tilt_direction&quot;:&quot;negative&quot;,&quot;motion_fx_tilt_speed&quot;:{&quot;unit&quot;:&quot;px&quot;,&quot;size&quot;:2,&quot;sizes&quot;:[]}}\" data-widget_type=\"image.default\">\n\t\t\t\t<div class=\"elementor-widget-container\">\n\t\t\t\t\t\t\t\t\t\t\t\t\t\t\t<img fetchpriority=\"high\" decoding=\"async\" width=\"1500\" height=\"1125\" src=\"https:\/\/thintechcoatings.com\/wp-content\/uploads\/2023\/07\/Intumescent-Product-Mockup-No-Shadow.png\" class=\"attachment-full size-full wp-image-2515\" alt=\"\" srcset=\"https:\/\/thintechcoatings.com\/wp-content\/uploads\/2023\/07\/Intumescent-Product-Mockup-No-Shadow.png 1500w, https:\/\/thintechcoatings.com\/wp-content\/uploads\/2023\/07\/Intumescent-Product-Mockup-No-Shadow-300x225.png 300w, https:\/\/thintechcoatings.com\/wp-content\/uploads\/2023\/07\/Intumescent-Product-Mockup-No-Shadow-1024x768.png 1024w, https:\/\/thintechcoatings.com\/wp-content\/uploads\/2023\/07\/Intumescent-Product-Mockup-No-Shadow-768x576.png 768w, https:\/\/thintechcoatings.com\/wp-content\/uploads\/2023\/07\/Intumescent-Product-Mockup-No-Shadow-16x12.png 16w, https:\/\/thintechcoatings.com\/wp-content\/uploads\/2023\/07\/Intumescent-Product-Mockup-No-Shadow-1320x990.png 1320w\" sizes=\"(max-width: 1500px) 100vw, 1500px\" \/>\t\t\t\t\t\t\t\t\t\t\t\t\t\t\t<\/div>\n\t\t\t\t<\/div>\n\t\t\t\t<div class=\"elementor-element elementor-element-382dd09 elementor-cta--skin-cover elementor-cta--valign-middle elementor-absolute elementor-widget elementor-widget-call-to-action\" data-id=\"382dd09\" data-element_type=\"widget\" data-settings=\"{&quot;_position&quot;:&quot;absolute&quot;}\" data-widget_type=\"call-to-action.default\">\n\t\t\t\t<div class=\"elementor-widget-container\">\n\t\t\t\t\t\t\t<div class=\"elementor-cta\">\n\t\t\t\t\t<div class=\"elementor-cta__bg-wrapper\">\n\t\t\t\t<div class=\"elementor-cta__bg elementor-bg\" style=\"background-image: url();\" role=\"img\" aria-label=\"\"><\/div>\n\t\t\t\t<div class=\"elementor-cta__bg-overlay\"><\/div>\n\t\t\t<\/div>\n\t\t\t\t\t\t\t<div class=\"elementor-cta__content\">\n\t\t\t\t\n\t\t\t\t\t\t\t\t\t<div class=\"elementor-cta__title elementor-cta__content-item elementor-content-item\">\n\t\t\t\t\t\t5\t\t\t\t\t<\/div>\n\t\t\t\t\n\t\t\t\t\t\t\t\t\t<div class=\"elementor-cta__description elementor-cta__content-item elementor-content-item\">\n\t\t\t\t\t\tb\u1ea3o h\u00e0nh n\u0103m\t\t\t\t\t<\/div>\n\t\t\t\t\n\t\t\t\t\t\t\t<\/div>\n\t\t\t\t\t\t\t<div class=\"elementor-ribbon\">\n\t\t\t\t<div class=\"elementor-ribbon-inner\">\n\t\t\t\t\tGi\u1edbi h\u1ea1n\t\t\t\t<\/div>\n\t\t\t<\/div>\n\t\t\t\t<\/div>\n\t\t\t\t\t\t<\/div>\n\t\t\t\t<\/div>\n\t\t\t\t<\/div>\n\t\t\t\t\t<\/div>\n\t\t\t\t<\/div>\n\t\t\t\t<\/div>\n\t\t\t\t<\/div>\n\t\t\t\t<\/div>","protected":false},"excerpt":{"rendered":"<p>Advanced Coating Technology Intumescent Coating Intumescent coatings are specialized fire-resistant materials that expand when exposed to high temperatures, forming a protective layer of insulating char. They play a crucial role in safeguarding the structural integrity of buildings during fires by delaying the transfer of heat to the underlying substrate, thus preventing its deformation or collapse. [&hellip;]<\/p>\n","protected":false},"author":1,"featured_media":0,"parent":218,"menu_order":0,"comment_status":"closed","ping_status":"closed","template":"","meta":{"footnotes":""},"class_list":["post-2499","page","type-page","status-publish","hentry"],"_links":{"self":[{"href":"https:\/\/thintechcoatings.com\/vi\/wp-json\/wp\/v2\/pages\/2499","targetHints":{"allow":["GET"]}}],"collection":[{"href":"https:\/\/thintechcoatings.com\/vi\/wp-json\/wp\/v2\/pages"}],"about":[{"href":"https:\/\/thintechcoatings.com\/vi\/wp-json\/wp\/v2\/types\/page"}],"author":[{"embeddable":true,"href":"https:\/\/thintechcoatings.com\/vi\/wp-json\/wp\/v2\/users\/1"}],"replies":[{"embeddable":true,"href":"https:\/\/thintechcoatings.com\/vi\/wp-json\/wp\/v2\/comments?post=2499"}],"version-history":[{"count":17,"href":"https:\/\/thintechcoatings.com\/vi\/wp-json\/wp\/v2\/pages\/2499\/revisions"}],"predecessor-version":[{"id":2543,"href":"https:\/\/thintechcoatings.com\/vi\/wp-json\/wp\/v2\/pages\/2499\/revisions\/2543"}],"up":[{"embeddable":true,"href":"https:\/\/thintechcoatings.com\/vi\/wp-json\/wp\/v2\/pages\/218"}],"wp:attachment":[{"href":"https:\/\/thintechcoatings.com\/vi\/wp-json\/wp\/v2\/media?parent=2499"}],"curies":[{"name":"wp","href":"https:\/\/api.w.org\/{rel}","templated":true}]}}