{"id":2235,"date":"2023-06-04T21:28:18","date_gmt":"2023-06-04T14:28:18","guid":{"rendered":"https:\/\/thintechcoatings.com\/?page_id=2235"},"modified":"2023-06-04T21:28:20","modified_gmt":"2023-06-04T14:28:20","slug":"legal-hub","status":"publish","type":"page","link":"https:\/\/thintechcoatings.com\/vi\/trung-tam-phap-ly\/","title":{"rendered":"Trung t\u00e2m ph\u00e1p l\u00fd"},"content":{"rendered":"","protected":false},"excerpt":{"rendered":"","protected":false},"author":1,"featured_media":0,"parent":0,"menu_order":0,"comment_status":"closed","ping_status":"closed","template":"","meta":{"footnotes":""},"class_list":["post-2235","page","type-page","status-publish","hentry"],"_links":{"self":[{"href":"https:\/\/thintechcoatings.com\/vi\/wp-json\/wp\/v2\/pages\/2235","targetHints":{"allow":["GET"]}}],"collection":[{"href":"https:\/\/thintechcoatings.com\/vi\/wp-json\/wp\/v2\/pages"}],"about":[{"href":"https:\/\/thintechcoatings.com\/vi\/wp-json\/wp\/v2\/types\/page"}],"author":[{"embeddable":true,"href":"https:\/\/thintechcoatings.com\/vi\/wp-json\/wp\/v2\/users\/1"}],"replies":[{"embeddable":true,"href":"https:\/\/thintechcoatings.com\/vi\/wp-json\/wp\/v2\/comments?post=2235"}],"version-history":[{"count":1,"href":"https:\/\/thintechcoatings.com\/vi\/wp-json\/wp\/v2\/pages\/2235\/revisions"}],"predecessor-version":[{"id":2236,"href":"https:\/\/thintechcoatings.com\/vi\/wp-json\/wp\/v2\/pages\/2235\/revisions\/2236"}],"wp:attachment":[{"href":"https:\/\/thintechcoatings.com\/vi\/wp-json\/wp\/v2\/media?parent=2235"}],"curies":[{"name":"wp","href":"https:\/\/api.w.org\/{rel}","templated":true}]}}