{"id":1985,"date":"2023-05-15T09:32:15","date_gmt":"2023-05-15T02:32:15","guid":{"rendered":"https:\/\/thintechcoatings.com\/?page_id=1985"},"modified":"2023-08-21T12:18:46","modified_gmt":"2023-08-21T05:18:46","slug":"sitemap","status":"publish","type":"page","link":"https:\/\/thintechcoatings.com\/vi\/so-do-trang-web\/","title":{"rendered":"S\u01a1 \u0111\u1ed3 trang web"},"content":{"rendered":"<div data-elementor-type=\"wp-page\" data-elementor-id=\"1985\" class=\"elementor elementor-1985\" data-elementor-post-type=\"page\">\n\t\t\t\t<div class=\"elementor-element elementor-element-feb0325 e-con-full e-flex e-con e-parent\" data-id=\"feb0325\" data-element_type=\"container\" data-settings=\"{&quot;background_background&quot;:&quot;classic&quot;,&quot;background_motion_fx_motion_fx_mouse&quot;:&quot;yes&quot;,&quot;background_motion_fx_mouseTrack_effect&quot;:&quot;yes&quot;,&quot;background_motion_fx_mouseTrack_speed&quot;:{&quot;unit&quot;:&quot;px&quot;,&quot;size&quot;:1,&quot;sizes&quot;:[]}}\">\n\t\t<div class=\"elementor-element elementor-element-12184e3 e-con-full e-flex e-con e-parent\" data-id=\"12184e3\" data-element_type=\"container\">\n\t\t<div class=\"elementor-element elementor-element-cdab1e4 e-flex e-con-boxed e-con e-parent\" data-id=\"cdab1e4\" data-element_type=\"container\">\n\t\t\t\t\t<div class=\"e-con-inner\">\n\t\t<div class=\"elementor-element elementor-element-78c4cb4 e-con-full e-flex e-con e-parent\" data-id=\"78c4cb4\" data-element_type=\"container\">\n\t\t\t\t<div class=\"elementor-element elementor-element-2592df2 elementor-invisible elementor-widget elementor-widget-heading\" data-id=\"2592df2\" data-element_type=\"widget\" data-settings=\"{&quot;_animation&quot;:&quot;fadeInUp&quot;}\" data-widget_type=\"heading.default\">\n\t\t\t\t<div class=\"elementor-widget-container\">\n\t\t\t\t\t<h6 class=\"elementor-heading-title elementor-size-default\">Ch\u00e0o m\u1eebng \u0111\u1ebfn v\u1edbi L\u1edbp ph\u1ee7 ThinTech<\/h6>\t\t\t\t<\/div>\n\t\t\t\t<\/div>\n\t\t\t\t<div class=\"elementor-element elementor-element-4b24b62 elementor-widget__width-inherit elementor-invisible elementor-widget elementor-widget-heading\" data-id=\"4b24b62\" data-element_type=\"widget\" data-settings=\"{&quot;_animation&quot;:&quot;fadeInUp&quot;,&quot;_animation_delay&quot;:200}\" data-widget_type=\"heading.default\">\n\t\t\t\t<div class=\"elementor-widget-container\">\n\t\t\t\t\t<h1 class=\"elementor-heading-title elementor-size-default\">S\u01a1 \u0111\u1ed3 c\u1ee7a trang web<\/h1>\t\t\t\t<\/div>\n\t\t\t\t<\/div>\n\t\t\t\t<\/div>\n\t\t<div class=\"elementor-element elementor-element-2577af2 e-con-full e-flex e-con e-parent\" data-id=\"2577af2\" data-element_type=\"container\" data-settings=\"{&quot;background_background&quot;:&quot;classic&quot;}\">\n\t\t\t\t<\/div>\n\t\t\t\t\t<\/div>\n\t\t\t\t<\/div>\n\t\t\t\t<\/div>\n\t\t\t\t<\/div>\n\t\t<div class=\"elementor-element elementor-element-94380ba e-flex e-con-boxed e-con e-parent\" data-id=\"94380ba\" data-element_type=\"container\">\n\t\t\t\t\t<div class=\"e-con-inner\">\n\t\t\t\t<div class=\"elementor-element elementor-element-73d2070 elementor-widget elementor-widget-sitemap\" data-id=\"73d2070\" data-element_type=\"widget\" data-widget_type=\"sitemap.default\">\n\t\t\t\t<div class=\"elementor-widget-container\">\n\t\t\t\t\t<div class=\"elementor-sitemap-wrap\"><div class=\"elementor-sitemap-section\"><h2 class=\"elementor-sitemap-title elementor-sitemap-page-title\">trang<\/h2><ul class=\"elementor-sitemap-list elementor-sitemap-page-list\"><li class=\"elementor-sitemap-item elementor-sitemap-item-page page_item page-item-2845\"><a href=\"https:\/\/thintechcoatings.com\/vi\/resources\/\">T\u00e0i nguy\u00ean<\/a><\/li><li class=\"elementor-sitemap-item elementor-sitemap-item-page page_item page-item-2768\"><a href=\"https:\/\/thintechcoatings.com\/vi\/dinh-gia\/\">\u0110\u1ecbnh gi\u00e1<\/a><\/li><li class=\"elementor-sitemap-item elementor-sitemap-item-page page_item page-item-2519\"><a href=\"https:\/\/thintechcoatings.com\/vi\/ho-so-cong-ty\/\">H\u1ed3 s\u01a1 c\u00f4ng ty<\/a><\/li><li class=\"elementor-sitemap-item elementor-sitemap-item-page page_item page-item-2235\"><a href=\"https:\/\/thintechcoatings.com\/vi\/trung-tam-phap-ly\/\">Trung t\u00e2m ph\u00e1p l\u00fd<\/a><ul class='children'><li class=\"elementor-sitemap-item elementor-sitemap-item-page page_item page-item-2233\"><a href=\"https:\/\/thintechcoatings.com\/vi\/trung-tam-phap-ly\/tuy-chon-khong-tham-gia\/\">T\u00f9y ch\u1ecdn t\u1eeb ch\u1ed1i<\/a><\/li><li class=\"elementor-sitemap-item elementor-sitemap-item-page page_item page-item-3\"><a href=\"https:\/\/thintechcoatings.com\/vi\/trung-tam-phap-ly\/chinh-sach-bao-mat\/\">Ch\u00ednh s\u00e1ch b\u1ea3o m\u1eadt<\/a><\/li><\/ul><\/li><li class=\"elementor-sitemap-item elementor-sitemap-item-page page_item page-item-2098\"><a href=\"https:\/\/thintechcoatings.com\/vi\/trung-tam-cong-nghe-mong\/\">Thintech Hub<\/a><\/li><li class=\"elementor-sitemap-item elementor-sitemap-item-page page_item page-item-1985\"><a href=\"https:\/\/thintechcoatings.com\/vi\/so-do-trang-web\/\">S\u01a1 \u0111\u1ed3 trang web<\/a><\/li><li class=\"elementor-sitemap-item elementor-sitemap-item-page page_item page-item-1290\"><a href=\"https:\/\/thintechcoatings.com\/vi\/bieu-do-bao-hanh\/\">B\u1ea3ng b\u1ea3o h\u00e0nh<\/a><\/li><li class=\"elementor-sitemap-item elementor-sitemap-item-page page_item page-item-239\"><a href=\"https:\/\/thintechcoatings.com\/vi\/lien-he-chung-toi\/\">Li\u00ean h\u1ec7 v\u1edbi ch\u00fang t\u00f4i<\/a><\/li><li class=\"elementor-sitemap-item elementor-sitemap-item-page page_item page-item-218\"><a href=\"https:\/\/thintechcoatings.com\/vi\/cac-san-pham\/\">S\u1ea3n ph\u1ea9m<\/a><ul class='children'><li class=\"elementor-sitemap-item elementor-sitemap-item-page page_item page-item-3209\"><a href=\"https:\/\/thintechcoatings.com\/vi\/cac-san-pham\/natural-seal\/\">Natural Seal<\/a><\/li><li class=\"elementor-sitemap-item elementor-sitemap-item-page page_item page-item-3172\"><a href=\"https:\/\/thintechcoatings.com\/vi\/cac-san-pham\/algae-guard\/\">Algae Guard<\/a><\/li><li class=\"elementor-sitemap-item elementor-sitemap-item-page page_item page-item-3161\"><a href=\"https:\/\/thintechcoatings.com\/vi\/cac-san-pham\/hydrophobic-glass-coating\/\">Hydrophobic Glass Coating<\/a><\/li><li class=\"elementor-sitemap-item elementor-sitemap-item-page page_item page-item-3079\"><a href=\"https:\/\/thintechcoatings.com\/vi\/cac-san-pham\/frame-rail-coating\/\">Frame &amp; Rail Coating<\/a><\/li><li class=\"elementor-sitemap-item elementor-sitemap-item-page page_item page-item-3015\"><a href=\"https:\/\/thintechcoatings.com\/vi\/cac-san-pham\/rust-remover\/\">Rust Remover<\/a><\/li><li class=\"elementor-sitemap-item elementor-sitemap-item-page page_item page-item-2678\"><a href=\"https:\/\/thintechcoatings.com\/vi\/cac-san-pham\/mat-me\/\">S\u01a1n ph\u1ee7 t\u1ea3n nhi\u1ec7t<\/a><\/li><li class=\"elementor-sitemap-item elementor-sitemap-item-page page_item page-item-2499\"><a href=\"https:\/\/thintechcoatings.com\/vi\/cac-san-pham\/lop-phu-phong-len\/\">L\u1edbp Ph\u1ee7 Ch\u1ed1ng Ch\u00e1y<\/a><\/li><li class=\"elementor-sitemap-item elementor-sitemap-item-page page_item page-item-2365\"><a href=\"https:\/\/thintechcoatings.com\/vi\/cac-san-pham\/xd-chat-tay-rua-sinh-hoc\/\">Ch\u1ea5t t\u1ea9y r\u1eeda \u0111a b\u1ec1 m\u1eb7t XD<\/a><\/li><li class=\"elementor-sitemap-item elementor-sitemap-item-page page_item page-item-222\"><a href=\"https:\/\/thintechcoatings.com\/vi\/cac-san-pham\/lop-phu-be-tong\/\">L\u1edbp ph\u1ee7 B\u00ea T\u00f4ng<\/a><\/li><li class=\"elementor-sitemap-item elementor-sitemap-item-page page_item page-item-220\"><a href=\"https:\/\/thintechcoatings.com\/vi\/cac-san-pham\/trang-kim-loai\/\">L\u1edbp ph\u1ee7 Kim Lo\u1ea1i<\/a><\/li><\/ul><\/li><li class=\"elementor-sitemap-item elementor-sitemap-item-page page_item page-item-2\"><a href=\"https:\/\/thintechcoatings.com\/vi\/\">L\u1edbp ph\u1ee7 ThinTech \u2013 C\u00f4ng ngh\u1ec7 l\u1edbp ph\u1ee7 ti\u00ean ti\u1ebfn<\/a><\/li><\/ul><\/div><div class=\"elementor-sitemap-section\"><h2 class=\"elementor-sitemap-title elementor-sitemap-category-title\">Th\u1ec3 lo\u1ea1i<\/h2><ul class=\"elementor-sitemap-list elementor-sitemap-category-list\">\t<li class=\"elementor-sitemap-item elementor-sitemap-item-category cat-item cat-item-17\"><a href=\"https:\/\/thintechcoatings.com\/vi\/category\/xd-chat-tay-rua-sinh-hoc\/\">Ch\u1ea5t t\u1ea9y r\u1eeda sinh h\u1ecdc XD<\/a>\n<\/li>\n\t<li class=\"elementor-sitemap-item elementor-sitemap-item-category cat-item cat-item-1\"><a href=\"https:\/\/thintechcoatings.com\/vi\/category\/uncategorized\/\">Uncategorized<\/a>\n<\/li>\n\t<li class=\"elementor-sitemap-item elementor-sitemap-item-category cat-item cat-item-13\"><a href=\"https:\/\/thintechcoatings.com\/vi\/category\/lop-phu-kim-loai\/\">, L\u1edbp ph\u1ee7 Kim Lo\u1ea1i<\/a>\n<\/li>\n\t<li class=\"elementor-sitemap-item elementor-sitemap-item-category cat-item cat-item-19\"><a href=\"https:\/\/thintechcoatings.com\/vi\/category\/lab-study\/\">Nghi\u00ean c\u1ee9u trong ph\u00f2ng th\u00ed nghi\u1ec7m<\/a>\n<\/li>\n\t<li class=\"elementor-sitemap-item elementor-sitemap-item-category cat-item cat-item-14\"><a href=\"https:\/\/thintechcoatings.com\/vi\/category\/lop-phu-be-tong\/\">L\u1edbp ph\u1ee7 B\u00ea T\u00f4ng<\/a>\n<\/li>\n<\/ul><\/div><div class=\"elementor-sitemap-section\"><h2 class=\"elementor-sitemap-title elementor-sitemap-post-title\">B\u00e0i vi\u1ebft<\/h2><ul class=\"elementor-sitemap-list elementor-sitemap-post-list\"><li class=\"elementor-sitemap-item elementor-sitemap-item-post page_item page-item-3047\"><a href=\"https:\/\/thintechcoatings.com\/vi\/thintech-coating-takes-center-stage-at-carcon-fair-2023-in-mumbai-india\/\">ThinTech Coating Takes Center Stage at Carcon Fair 2023 in Mumbai, India<\/a><\/li><li class=\"elementor-sitemap-item elementor-sitemap-item-post page_item page-item-2884\"><a href=\"https:\/\/thintechcoatings.com\/vi\/kha-nang-chong-an-mon-cua-lop-phu-ttmcg-tren-be-mat-thep-cacbon\/\">Kh\u1ea3 n\u0103ng ch\u1ed1ng \u0103n m\u00f2n c\u1ee7a l\u1edbp ph\u1ee7 TTMCG tr\u00ean b\u1ec1 m\u1eb7t th\u00e9p cacbon<\/a><\/li><li class=\"elementor-sitemap-item elementor-sitemap-item-post page_item page-item-2548\"><a href=\"https:\/\/thintechcoatings.com\/vi\/bao-ve-xay-be-mat-chong-thiet-hai-nuoc\/\">B\u1ea3o v\u1ec7 b\u1ec1 m\u1eb7t g\u1ea1ch x\u00e2y ch\u1ed1ng l\u1ea1i t\u00e1c h\u1ea1i g\u00e2y ra b\u1edfi n\u01b0\u1edbc<\/a><\/li><li class=\"elementor-sitemap-item elementor-sitemap-item-post page_item page-item-2328\"><a href=\"https:\/\/thintechcoatings.com\/vi\/phuc-hoi-sac-to-mo-va-khoi-phuc-sang-voi-lop-phu-thintech\/\">Ph\u1ee5c h\u1ed3i c\u00e1c s\u1eafc t\u1ed1 b\u1ecb phai m\u00e0u v\u00e0 mang l\u1ea1i di\u1ec7n m\u1ea1o s\u00e1ng b\u00f3ng v\u1edbi l\u1edbp ph\u1ee7 ThinTech<\/a><\/li><li class=\"elementor-sitemap-item elementor-sitemap-item-post page_item page-item-2071\"><a href=\"https:\/\/thintechcoatings.com\/vi\/che-chan-gio-tua-bin-cach-mot-giai-phap-lop-phu-hieu-qua-ngan-dau-dong-chay\/\">Tua bin gi\u00f3: Gi\u1ea3i ph\u00e1p l\u1edbp ph\u1ee7 \u0111\u00e3 ng\u0103n ch\u1eb7n d\u1ea7u tr\u00e0n, ch\u1ea3y hi\u1ec7u qu\u1ea3 nh\u01b0 th\u1ebf n\u00e0o.<\/a><\/li><li class=\"elementor-sitemap-item elementor-sitemap-item-post page_item page-item-1967\"><a href=\"https:\/\/thintechcoatings.com\/vi\/giai-phap-ngan-chong-tran-uu-viet\/\">L\u1edbp ph\u1ee7 ThinTech: Gi\u1ea3i ph\u00e1p \u01b0u vi\u1ec7t \u0111\u1ec3 ng\u0103n tr\u00e0n, \u0111\u1ea1t ti\u00eau chu\u1ea9n ISO 14001<\/a><\/li><li class=\"elementor-sitemap-item elementor-sitemap-item-post page_item page-item-1862\"><a href=\"https:\/\/thintechcoatings.com\/vi\/bao-ve-tai-san-cua-ban-voi-lop-phu-thintech-mot-giai-phap-ngan-an-mon-hieu-qua\/\">B\u1ea3o v\u1ec7 t\u00e0i s\u1ea3n c\u1ee7a b\u1ea1n v\u1edbi l\u1edbp ph\u1ee7 ThinTech: Gi\u1ea3i ph\u00e1p ch\u1ed1ng \u0103n m\u00f2n hi\u1ec7u qu\u1ea3 v\u1edbi chi ph\u00ed h\u1ee3p l\u00fd<\/a><\/li><li class=\"elementor-sitemap-item elementor-sitemap-item-post page_item page-item-1852\"><a href=\"https:\/\/thintechcoatings.com\/vi\/dam-bao-tuoi-tho-cua-ban-cong-va-loi-di-cua-ban-voi-lop-phu-thintech\/\">\u0110\u1ea3m b\u1ea3o tu\u1ed5i th\u1ecd cho ban c\u00f4ng v\u00e0 l\u1ed1i \u0111i c\u1ee7a b\u1ea1n v\u1edbi l\u1edbp ph\u1ee7 ThinTech<\/a><\/li><li class=\"elementor-sitemap-item elementor-sitemap-item-post page_item page-item-1711\"><a href=\"https:\/\/thintechcoatings.com\/vi\/ngan-ngua-cach-nhiet-an-mon\/\">Ng\u0103n ch\u1eb7n UIC (\u0103n m\u00f2n d\u01b0\u1edbi l\u1edbp c\u00e1ch nhi\u1ec7t) v\u1edbi l\u1edbp ph\u1ee7 ThinTech<\/a><\/li><\/ul><\/div><div class=\"elementor-sitemap-section\"><h2 class=\"elementor-sitemap-title elementor-sitemap-project-title\">d\u1ef1 \u00e1n<\/h2><ul class=\"elementor-sitemap-list elementor-sitemap-project-list\"><li class=\"elementor-sitemap-item elementor-sitemap-item-project page_item page-item-2735\"><a href=\"https:\/\/thintechcoatings.com\/vi\/project\/xay-dung-phuc-hoi-voi-thintech-xd-bio-cleaner\/\">Ph\u1ee5c h\u1ed3i c\u00f4ng tr\u00ecnh v\u1edbi Ch\u1ea5t t\u1ea9y r\u1eeda sinh h\u1ecdc XD c\u1ee7aThinTech<\/a><\/li><li class=\"elementor-sitemap-item elementor-sitemap-item-project page_item page-item-2656\"><a href=\"https:\/\/thintechcoatings.com\/vi\/project\/hoi-sinh-new-yorks-skyline-a-window-sill-chuyen-doi-cau-chuyen\/\">Ph\u1ee5c h\u1ed3i quan c\u1ea3nh New York's: H\u00e3y n\u00e2ng c\u1ea5p b\u1ec7 c\u1eeda s\u1ed5 nh\u00e0 b\u1ea1n<\/a><\/li><li class=\"elementor-sitemap-item elementor-sitemap-item-project page_item page-item-2653\"><a href=\"https:\/\/thintechcoatings.com\/vi\/project\/bao-ton-ve-dep-ben-bien-a-puerto-vallarta-window-nguong-hoi-sinh\/\">B\u1ea3o t\u1ed3n v\u1ebb \u0111\u1eb9p b\u00ean b\u1edd bi\u1ec3n: T\u00e1i t\u1ea1o v\u1ebb ngo\u00e0i c\u1ee7a b\u1ec7 c\u1eeda s\u1ed5 \u1edf Puerto Vallarta<\/a><\/li><li class=\"elementor-sitemap-item elementor-sitemap-item-project page_item page-item-2649\"><a href=\"https:\/\/thintechcoatings.com\/vi\/project\/nang-sang-trong-how-thintech-lop-phu-bien-aspens-be-cua-so\/\">N\u00e2ng cao s\u1ef1 sang tr\u1ecdng: L\u1edbp ph\u1ee7 ThinTech \u0111\u00e3 bi\u1ebfn \u0111\u1ed5i b\u1ec7 c\u1eeda s\u1ed5 c\u1ee7a Aspen nh\u01b0 th\u1ebf n\u00e0o<\/a><\/li><li class=\"elementor-sitemap-item elementor-sitemap-item-project page_item page-item-2637\"><a href=\"https:\/\/thintechcoatings.com\/vi\/project\/bao-ve-nghe-thuat-o-laguna-bai-bien-mot-buc-tuong-bao-ton-thanh-cong-cau-chuyen\/\">V\u1ebb \u0111\u1eb9p b\u1ec1n b\u1ec9 \u1edf B\u00e3i bi\u1ec3n Laguna: C\u00e2u chuy\u1ec7n th\u00e0nh c\u00f4ng v\u1ec1 b\u1ea3o t\u1ed3n di t\u00edch<\/a><\/li><li class=\"elementor-sitemap-item elementor-sitemap-item-project page_item page-item-2626\"><a href=\"https:\/\/thintechcoatings.com\/vi\/project\/nghien-cuu-truong-hop-thintech-lop-phu-thanh-cong-trong-viec-an-mon-ngan-ngua-va-tang-cuong-be-mat\/\">B\u1ea3o t\u1ed3n di t\u00edch c\u1ee7a Medellin: Nghi\u00ean c\u1ee9u \u0111i\u1ec3n h\u00ecnh v\u1ec1 b\u1ea3o v\u1ec7 t\u01b0\u1ee3ng, di t\u00edch l\u1ecbch s\u1eed<\/a><\/li><li class=\"elementor-sitemap-item elementor-sitemap-item-project page_item page-item-2391\"><a href=\"https:\/\/thintechcoatings.com\/vi\/project\/tran-xang-phong-chong-mobile-tram-xang\/\">Ng\u0103n ch\u1eb7n s\u1ef1 c\u1ed1 tr\u00e0n x\u0103ng: B\u1ea3o v\u1ec7 m\u00f4i tr\u01b0\u1eddng v\u00e0 \u0111\u1ea3m b\u1ea3o an to\u00e0n<\/a><\/li><\/ul><\/div><\/div>\t\t\t\t<\/div>\n\t\t\t\t<\/div>\n\t\t\t\t\t<\/div>\n\t\t\t\t<\/div>\n\t\t\t\t<\/div>","protected":false},"excerpt":{"rendered":"<p>Ch\u00e0o m\u1eebng b\u1ea1n \u0111\u1ebfn v\u1edbi S\u01a1 \u0111\u1ed3 trang web c\u1ee7a ThinTech Coatings<\/p>","protected":false},"author":1,"featured_media":0,"parent":0,"menu_order":0,"comment_status":"closed","ping_status":"closed","template":"","meta":{"footnotes":""},"class_list":["post-1985","page","type-page","status-publish","hentry"],"_links":{"self":[{"href":"https:\/\/thintechcoatings.com\/vi\/wp-json\/wp\/v2\/pages\/1985","targetHints":{"allow":["GET"]}}],"collection":[{"href":"https:\/\/thintechcoatings.com\/vi\/wp-json\/wp\/v2\/pages"}],"about":[{"href":"https:\/\/thintechcoatings.com\/vi\/wp-json\/wp\/v2\/types\/page"}],"author":[{"embeddable":true,"href":"https:\/\/thintechcoatings.com\/vi\/wp-json\/wp\/v2\/users\/1"}],"replies":[{"embeddable":true,"href":"https:\/\/thintechcoatings.com\/vi\/wp-json\/wp\/v2\/comments?post=1985"}],"version-history":[{"count":22,"href":"https:\/\/thintechcoatings.com\/vi\/wp-json\/wp\/v2\/pages\/1985\/revisions"}],"predecessor-version":[{"id":2664,"href":"https:\/\/thintechcoatings.com\/vi\/wp-json\/wp\/v2\/pages\/1985\/revisions\/2664"}],"wp:attachment":[{"href":"https:\/\/thintechcoatings.com\/vi\/wp-json\/wp\/v2\/media?parent=1985"}],"curies":[{"name":"wp","href":"https:\/\/api.w.org\/{rel}","templated":true}]}}