{"id":1290,"date":"2023-03-14T21:33:15","date_gmt":"2023-03-14T14:33:15","guid":{"rendered":"https:\/\/thintechcoatings.com\/?page_id=1290"},"modified":"2023-09-20T20:26:33","modified_gmt":"2023-09-20T13:26:33","slug":"warranty-chart","status":"publish","type":"page","link":"https:\/\/thintechcoatings.com\/vi\/bieu-do-bao-hanh\/","title":{"rendered":"B\u1ea3ng b\u1ea3o h\u00e0nh"},"content":{"rendered":"<div data-elementor-type=\"wp-page\" data-elementor-id=\"1290\" class=\"elementor elementor-1290\" data-elementor-post-type=\"page\">\n\t\t\t\t<div class=\"elementor-element elementor-element-1715228 e-con-full e-flex e-con e-parent\" data-id=\"1715228\" data-element_type=\"container\" data-settings=\"{&quot;background_background&quot;:&quot;classic&quot;,&quot;background_motion_fx_motion_fx_mouse&quot;:&quot;yes&quot;,&quot;background_motion_fx_mouseTrack_effect&quot;:&quot;yes&quot;,&quot;background_motion_fx_mouseTrack_speed&quot;:{&quot;unit&quot;:&quot;px&quot;,&quot;size&quot;:1,&quot;sizes&quot;:[]}}\">\n\t\t<div class=\"elementor-element elementor-element-f422479 e-con-full e-flex e-con e-parent\" data-id=\"f422479\" data-element_type=\"container\">\n\t\t<div class=\"elementor-element elementor-element-bd937cb e-flex e-con-boxed e-con e-parent\" data-id=\"bd937cb\" data-element_type=\"container\">\n\t\t\t\t\t<div class=\"e-con-inner\">\n\t\t<div class=\"elementor-element elementor-element-e271695 e-con-full e-flex e-con e-parent\" data-id=\"e271695\" data-element_type=\"container\">\n\t\t\t\t<div class=\"elementor-element elementor-element-f3a8015 elementor-widget__width-inherit elementor-invisible elementor-widget elementor-widget-heading\" data-id=\"f3a8015\" data-element_type=\"widget\" data-settings=\"{&quot;_animation&quot;:&quot;fadeInUp&quot;}\" data-widget_type=\"heading.default\">\n\t\t\t\t<div class=\"elementor-widget-container\">\n\t\t\t\t\t<h6 class=\"elementor-heading-title elementor-size-default\">S\u01a0N PH\u1ee6 THINTECH<\/h6>\t\t\t\t<\/div>\n\t\t\t\t<\/div>\n\t\t\t\t<div class=\"elementor-element elementor-element-79acdad elementor-invisible elementor-widget elementor-widget-heading\" data-id=\"79acdad\" data-element_type=\"widget\" data-settings=\"{&quot;_animation&quot;:&quot;fadeInUp&quot;,&quot;_animation_delay&quot;:200}\" data-widget_type=\"heading.default\">\n\t\t\t\t<div class=\"elementor-widget-container\">\n\t\t\t\t\t<h1 class=\"elementor-heading-title elementor-size-default\">B\u1ea3ng b\u1ea3o h\u00e0nh<\/h1>\t\t\t\t<\/div>\n\t\t\t\t<\/div>\n\t\t\t\t<div class=\"elementor-element elementor-element-5c7421a elementor-invisible elementor-widget elementor-widget-heading\" data-id=\"5c7421a\" data-element_type=\"widget\" data-settings=\"{&quot;_animation&quot;:&quot;fadeInUp&quot;,&quot;_animation_delay&quot;:300}\" data-widget_type=\"heading.default\">\n\t\t\t\t<div class=\"elementor-widget-container\">\n\t\t\t\t\t<div class=\"elementor-heading-title elementor-size-default\">ThinTech l\u00e0 nh\u00e0 c\u1ea3i ti\u1ebfn h\u00e0ng \u0111\u1ea7u trong c\u00e1c l\u1edbp ph\u1ee7 Nano 1K v\u00e0 \u0111\u00e3 t\u1ea1o n\u00ean m\u1ed9t cu\u1ed9c c\u00e1ch m\u1ea1ng trong c\u00e1ch ch\u00fang ta b\u1ea3o v\u1ec7 kim lo\u1ea1i v\u00e0 c\u00e1c b\u1ec1 m\u1eb7t kh\u00e1c. V\u1edbi c\u00f4ng th\u1ee9c \u0111\u1ed9c \u0111\u00e1o t\u1eeb c\u00e1c h\u1ea1t nano ThinTech t\u1ea1o ra li\u00ean k\u1ebft ph\u00e2n t\u1eed c\u00f3 \u0111\u1ed9 b\u1ec1n cao, ch\u1ed1ng n\u01b0\u1edbc v\u00e0 b\u1ea3o v\u1ec7 hi\u1ec7u su\u1ea5t t\u1ed1i \u01b0u.<\/div>\t\t\t\t<\/div>\n\t\t\t\t<\/div>\n\t\t\t\t<div class=\"elementor-element elementor-element-8b50c95 elementor-mobile-align-justify elementor-invisible elementor-widget elementor-widget-button\" data-id=\"8b50c95\" data-element_type=\"widget\" data-settings=\"{&quot;_animation&quot;:&quot;fadeInUp&quot;,&quot;_animation_delay&quot;:350}\" data-widget_type=\"button.default\">\n\t\t\t\t<div class=\"elementor-widget-container\">\n\t\t\t\t\t\t\t\t\t<div class=\"elementor-button-wrapper\">\n\t\t\t\t\t<a class=\"elementor-button elementor-button-link elementor-size-lg\" href=\"https:\/\/thintechcoatings.com\/vi\/cac-san-pham\/\">\n\t\t\t\t\t\t<span class=\"elementor-button-content-wrapper\">\n\t\t\t\t\t\t\t\t\t<span class=\"elementor-button-text\">T\u00ecm hi\u1ec3u nhi\u1ec1u h\u01a1n v\u1ec1 ch\u00fang t\u00f4i<\/span>\n\t\t\t\t\t<\/span>\n\t\t\t\t\t<\/a>\n\t\t\t\t<\/div>\n\t\t\t\t\t\t\t\t<\/div>\n\t\t\t\t<\/div>\n\t\t\t\t<div class=\"elementor-element elementor-element-3fb695d elementor-mobile-align-justify elementor-invisible elementor-widget elementor-widget-button\" data-id=\"3fb695d\" data-element_type=\"widget\" data-settings=\"{&quot;_animation&quot;:&quot;fadeInUp&quot;,&quot;_animation_delay&quot;:350}\" data-widget_type=\"button.default\">\n\t\t\t\t<div class=\"elementor-widget-container\">\n\t\t\t\t\t\t\t\t\t<div class=\"elementor-button-wrapper\">\n\t\t\t\t\t<a class=\"elementor-button elementor-button-link elementor-size-lg\" href=\"#elementor-action%3Aaction%3Dpopup%3Aopen%26settings%3DeyJpZCI6IjE5MTMiLCJ0b2dnbGUiOmZhbHNlfQ%3D%3D\">\n\t\t\t\t\t\t<span class=\"elementor-button-content-wrapper\">\n\t\t\t\t\t\t\t\t\t<span class=\"elementor-button-text\">Y\u00eau c\u1ea7u b\u00e1o gi\u00e1<\/span>\n\t\t\t\t\t<\/span>\n\t\t\t\t\t<\/a>\n\t\t\t\t<\/div>\n\t\t\t\t\t\t\t\t<\/div>\n\t\t\t\t<\/div>\n\t\t\t\t<\/div>\n\t\t<div class=\"elementor-element elementor-element-afd69e3 e-con-full e-flex e-con e-parent\" data-id=\"afd69e3\" data-element_type=\"container\" data-settings=\"{&quot;background_background&quot;:&quot;classic&quot;}\">\n\t\t\t\t<\/div>\n\t\t\t\t\t<\/div>\n\t\t\t\t<\/div>\n\t\t\t\t<\/div>\n\t\t\t\t<\/div>\n\t\t<div class=\"elementor-element elementor-element-306087a e-flex e-con-boxed e-con e-parent\" data-id=\"306087a\" data-element_type=\"container\" data-settings=\"{&quot;background_background&quot;:&quot;classic&quot;}\">\n\t\t\t\t\t<div class=\"e-con-inner\">\n\t\t<div class=\"elementor-element elementor-element-05bdc2c e-con-full e-flex elementor-invisible e-con e-parent\" data-id=\"05bdc2c\" data-element_type=\"container\" data-settings=\"{&quot;animation&quot;:&quot;fadeIn&quot;,&quot;animation_delay&quot;:200,&quot;background_background&quot;:&quot;classic&quot;}\">\n\t\t\t\t<div class=\"elementor-element elementor-element-381b321 elementor-widget elementor-widget-heading\" data-id=\"381b321\" data-element_type=\"widget\" data-widget_type=\"heading.default\">\n\t\t\t\t<div class=\"elementor-widget-container\">\n\t\t\t\t\t<h6 class=\"elementor-heading-title elementor-size-default\">S\u1ea3n ph\u1ea9m c\u1ee7a ch\u00fang t\u00f4i<\/h6>\t\t\t\t<\/div>\n\t\t\t\t<\/div>\n\t\t\t\t<div class=\"elementor-element elementor-element-a9b73b2 elementor-widget elementor-widget-heading\" data-id=\"a9b73b2\" data-element_type=\"widget\" data-widget_type=\"heading.default\">\n\t\t\t\t<div class=\"elementor-widget-container\">\n\t\t\t\t\t<h2 class=\"elementor-heading-title elementor-size-default\">L\u1edbp ph\u1ee7 Kim Lo\u1ea1i<\/h2>\t\t\t\t<\/div>\n\t\t\t\t<\/div>\n\t\t\t\t<div class=\"elementor-element elementor-element-645fade elementor-widget elementor-widget-text-editor\" data-id=\"645fade\" data-element_type=\"widget\" data-widget_type=\"text-editor.default\">\n\t\t\t\t<div class=\"elementor-widget-container\">\n\t\t\t\t\t\t\t\t\t<p>L\u1edbp ph\u1ee7 kim lo\u1ea1i c\u1ee7a ThinTech s\u1eed dung c\u00f4ng ngh\u1ec7 ti\u00ean ti\u1ebfn v\u1edbi l\u1edbp nano g\u1ed1c trong su\u1ed1t, nh\u1eb1m b\u1ea3o v\u1ec7 to\u00e0n di\u1ec7n c\u00e1c b\u1ec1 m\u1eb7t kim lo\u1ea1i kh\u1ecfi nhi\u1ec1u t\u00e1c nh\u00e2n g\u00e2y h\u1ea1i. L\u1edbp ph\u1ee7 kim lo\u1ea1i c\u1ee7a ch\u00fang t\u00f4i mang \u0111\u1ebfn kh\u1ea3 n\u0103ng ch\u1ed1ng l\u1ea1i r\u1ec9 s\u00e9t, \u0111\u1ed9 \u1ea9m, \u0103n m\u00f2n, mu\u1ed1i, m\u01b0a axit, t\u00e1c h\u1ea1i c\u1ee7a tia c\u1ef1c t\u00edm, qu\u00e1 tr\u00ecnh oxy h\u00f3a, \u0103n m\u00f2n \u0111i\u1ec7n v\u00e0 ch\u1ea5t th\u1ea3i t\u1eeb \u0111\u1ed9ng v\u1eadt v\u00e0 chim. Gi\u1ea3i ph\u00e1p l\u00fd t\u01b0\u1edfng cho c\u00e1c b\u1ec1 m\u1eb7t s\u01a1n ho\u1eb7c kim lo\u1ea1i, v\u00e0 c\u00f3 th\u1ec3 s\u1eed d\u1ee5ng nh\u01b0 m\u1ed9t l\u1edbp l\u00f3t ho\u1eb7c l\u1edbp ph\u1ee7 b\u1ea3o v\u1ec7 \u0111\u1ec3 t\u0103ng kh\u1ea3 n\u0103ng b\u00e1m d\u00ednh c\u1ee7a l\u1edbp ph\u1ee7 ch\u1ed1ng th\u1ea5m ho\u1eb7c l\u1edbp b\u1ea3o v\u1ec7 cu\u1ed1i c\u00f9ng.<\/p>\t\t\t\t\t\t\t\t<\/div>\n\t\t\t\t<\/div>\n\t\t\t\t<div class=\"elementor-element elementor-element-540eb73 elementor-widget elementor-widget-heading\" data-id=\"540eb73\" data-element_type=\"widget\" data-widget_type=\"heading.default\">\n\t\t\t\t<div class=\"elementor-widget-container\">\n\t\t\t\t\t<h6 class=\"elementor-heading-title elementor-size-default\">C\u00f3 s\u1eb5n:<\/h6>\t\t\t\t<\/div>\n\t\t\t\t<\/div>\n\t\t<div class=\"elementor-element elementor-element-2630c9c e-con-full e-flex e-con e-parent\" data-id=\"2630c9c\" data-element_type=\"container\">\n\t\t<div class=\"elementor-element elementor-element-d5d67d7 e-con-full e-flex e-con e-parent\" data-id=\"d5d67d7\" data-element_type=\"container\">\n\t\t\t\t<div class=\"elementor-element elementor-element-92d46ac elementor-widget elementor-widget-counter\" data-id=\"92d46ac\" data-element_type=\"widget\" data-widget_type=\"counter.default\">\n\t\t\t\t<div class=\"elementor-widget-container\">\n\t\t\t\t\t\t\t<div class=\"elementor-counter\">\n\t\t\t<div class=\"elementor-counter-title\">l\u00edt<\/div>\t\t\t<div class=\"elementor-counter-number-wrapper\">\n\t\t\t\t<span class=\"elementor-counter-number-prefix\"><\/span>\n\t\t\t\t<span class=\"elementor-counter-number\" data-duration=\"2000\" data-to-value=\"1000\" data-from-value=\"0\" data-delimiter=\",\">0<\/span>\n\t\t\t\t<span class=\"elementor-counter-number-suffix\"><\/span>\n\t\t\t<\/div>\n\t\t<\/div>\n\t\t\t\t\t\t<\/div>\n\t\t\t\t<\/div>\n\t\t\t\t<\/div>\n\t\t<div class=\"elementor-element elementor-element-6787d64 e-con-full e-flex e-con e-parent\" data-id=\"6787d64\" data-element_type=\"container\">\n\t\t\t\t<div class=\"elementor-element elementor-element-15b9f5c elementor-widget elementor-widget-counter\" data-id=\"15b9f5c\" data-element_type=\"widget\" data-widget_type=\"counter.default\">\n\t\t\t\t<div class=\"elementor-widget-container\">\n\t\t\t\t\t\t\t<div class=\"elementor-counter\">\n\t\t\t<div class=\"elementor-counter-title\">l\u00edt<\/div>\t\t\t<div class=\"elementor-counter-number-wrapper\">\n\t\t\t\t<span class=\"elementor-counter-number-prefix\"><\/span>\n\t\t\t\t<span class=\"elementor-counter-number\" data-duration=\"2000\" data-to-value=\"210\" data-from-value=\"0\" data-delimiter=\",\">0<\/span>\n\t\t\t\t<span class=\"elementor-counter-number-suffix\"><\/span>\n\t\t\t<\/div>\n\t\t<\/div>\n\t\t\t\t\t\t<\/div>\n\t\t\t\t<\/div>\n\t\t\t\t<\/div>\n\t\t<div class=\"elementor-element elementor-element-e428532 e-con-full e-flex e-con e-parent\" data-id=\"e428532\" data-element_type=\"container\">\n\t\t\t\t<div class=\"elementor-element elementor-element-6cf4293 elementor-widget elementor-widget-counter\" data-id=\"6cf4293\" data-element_type=\"widget\" data-widget_type=\"counter.default\">\n\t\t\t\t<div class=\"elementor-widget-container\">\n\t\t\t\t\t\t\t<div class=\"elementor-counter\">\n\t\t\t<div class=\"elementor-counter-title\">l\u00edt<\/div>\t\t\t<div class=\"elementor-counter-number-wrapper\">\n\t\t\t\t<span class=\"elementor-counter-number-prefix\"><\/span>\n\t\t\t\t<span class=\"elementor-counter-number\" data-duration=\"2000\" data-to-value=\"20\" data-from-value=\"0\" data-delimiter=\",\">0<\/span>\n\t\t\t\t<span class=\"elementor-counter-number-suffix\"><\/span>\n\t\t\t<\/div>\n\t\t<\/div>\n\t\t\t\t\t\t<\/div>\n\t\t\t\t<\/div>\n\t\t\t\t<\/div>\n\t\t\t\t<\/div>\n\t\t\t\t<\/div>\n\t\t<div class=\"elementor-element elementor-element-1a19dd2 e-con-full e-flex elementor-invisible e-con e-parent\" data-id=\"1a19dd2\" data-element_type=\"container\" data-settings=\"{&quot;animation&quot;:&quot;fadeInRight&quot;}\">\n\t\t\t\t<div class=\"elementor-element elementor-element-c754fb6 elementor-widget elementor-widget-image\" data-id=\"c754fb6\" data-element_type=\"widget\" data-settings=\"{&quot;motion_fx_motion_fx_mouse&quot;:&quot;yes&quot;,&quot;motion_fx_tilt_effect&quot;:&quot;yes&quot;,&quot;motion_fx_tilt_direction&quot;:&quot;negative&quot;,&quot;motion_fx_tilt_speed&quot;:{&quot;unit&quot;:&quot;px&quot;,&quot;size&quot;:2,&quot;sizes&quot;:[]}}\" data-widget_type=\"image.default\">\n\t\t\t\t<div class=\"elementor-widget-container\">\n\t\t\t\t\t\t\t\t\t\t\t\t\t\t\t<img fetchpriority=\"high\" decoding=\"async\" width=\"566\" height=\"566\" src=\"https:\/\/thintechcoatings.com\/wp-content\/uploads\/2023\/03\/Metal-Coating-Mockup.png\" class=\"attachment-large size-large wp-image-907\" alt=\"\" srcset=\"https:\/\/thintechcoatings.com\/wp-content\/uploads\/2023\/03\/Metal-Coating-Mockup.png 566w, https:\/\/thintechcoatings.com\/wp-content\/uploads\/2023\/03\/Metal-Coating-Mockup-300x300.png 300w, https:\/\/thintechcoatings.com\/wp-content\/uploads\/2023\/03\/Metal-Coating-Mockup-150x150.png 150w\" sizes=\"(max-width: 566px) 100vw, 566px\" \/>\t\t\t\t\t\t\t\t\t\t\t\t\t\t\t<\/div>\n\t\t\t\t<\/div>\n\t\t\t\t<div class=\"elementor-element elementor-element-97afb49 elementor-cta--skin-cover elementor-cta--valign-middle elementor-absolute elementor-widget elementor-widget-call-to-action\" data-id=\"97afb49\" data-element_type=\"widget\" data-settings=\"{&quot;_position&quot;:&quot;absolute&quot;}\" data-widget_type=\"call-to-action.default\">\n\t\t\t\t<div class=\"elementor-widget-container\">\n\t\t\t\t\t\t\t<div class=\"elementor-cta\">\n\t\t\t\t\t<div class=\"elementor-cta__bg-wrapper\">\n\t\t\t\t<div class=\"elementor-cta__bg elementor-bg\" style=\"background-image: url();\" role=\"img\" aria-label=\"\"><\/div>\n\t\t\t\t<div class=\"elementor-cta__bg-overlay\"><\/div>\n\t\t\t<\/div>\n\t\t\t\t\t\t\t<div class=\"elementor-cta__content\">\n\t\t\t\t\n\t\t\t\t\t\t\t\t\t<div class=\"elementor-cta__title elementor-cta__content-item elementor-content-item\">\n\t\t\t\t\t\t5\t\t\t\t\t<\/div>\n\t\t\t\t\n\t\t\t\t\t\t\t\t\t<div class=\"elementor-cta__description elementor-cta__content-item elementor-content-item\">\n\t\t\t\t\t\tb\u1ea3o h\u00e0nh n\u0103m\t\t\t\t\t<\/div>\n\t\t\t\t\n\t\t\t\t\t\t\t<\/div>\n\t\t\t\t\t\t\t<div class=\"elementor-ribbon\">\n\t\t\t\t<div class=\"elementor-ribbon-inner\">\n\t\t\t\t\tGi\u1edbi h\u1ea1n\t\t\t\t<\/div>\n\t\t\t<\/div>\n\t\t\t\t<\/div>\n\t\t\t\t\t\t<\/div>\n\t\t\t\t<\/div>\n\t\t\t\t<div class=\"elementor-element elementor-element-372af2c elementor-align-center elementor-widget elementor-widget-button\" data-id=\"372af2c\" data-element_type=\"widget\" data-widget_type=\"button.default\">\n\t\t\t\t<div class=\"elementor-widget-container\">\n\t\t\t\t\t\t\t\t\t<div class=\"elementor-button-wrapper\">\n\t\t\t\t\t<a class=\"elementor-button elementor-button-link elementor-size-md\" href=\"https:\/\/thintechcoatings.com\/vi\/cac-san-pham\/trang-kim-loai\/\">\n\t\t\t\t\t\t<span class=\"elementor-button-content-wrapper\">\n\t\t\t\t\t\t\t\t\t<span class=\"elementor-button-text\">Th\u00f4ng tin s\u1ea3n ph\u1ea9m<\/span>\n\t\t\t\t\t<\/span>\n\t\t\t\t\t<\/a>\n\t\t\t\t<\/div>\n\t\t\t\t\t\t\t\t<\/div>\n\t\t\t\t<\/div>\n\t\t\t\t<\/div>\n\t\t\t\t\t<\/div>\n\t\t\t\t<\/div>\n\t\t\t\t<\/div>","protected":false},"excerpt":{"rendered":"<p>THINTECH COATINGS ThinTech is a leading innovator in advanced 1K Nano-coatings and has revolutionized the way we protect metal and masonry surfaces. The unique formula of ThinTech nanoparticles creates a highly durable, water-resistant, and protective molecular bond that ensures optimal performance. Discover more Request A Quote Our Products Metal Coating ThinTech Metal Coatings is a [&hellip;]<\/p>\n","protected":false},"author":1,"featured_media":0,"parent":0,"menu_order":0,"comment_status":"closed","ping_status":"closed","template":"","meta":{"footnotes":""},"class_list":["post-1290","page","type-page","status-publish","hentry"],"_links":{"self":[{"href":"https:\/\/thintechcoatings.com\/vi\/wp-json\/wp\/v2\/pages\/1290","targetHints":{"allow":["GET"]}}],"collection":[{"href":"https:\/\/thintechcoatings.com\/vi\/wp-json\/wp\/v2\/pages"}],"about":[{"href":"https:\/\/thintechcoatings.com\/vi\/wp-json\/wp\/v2\/types\/page"}],"author":[{"embeddable":true,"href":"https:\/\/thintechcoatings.com\/vi\/wp-json\/wp\/v2\/users\/1"}],"replies":[{"embeddable":true,"href":"https:\/\/thintechcoatings.com\/vi\/wp-json\/wp\/v2\/comments?post=1290"}],"version-history":[{"count":4,"href":"https:\/\/thintechcoatings.com\/vi\/wp-json\/wp\/v2\/pages\/1290\/revisions"}],"predecessor-version":[{"id":2836,"href":"https:\/\/thintechcoatings.com\/vi\/wp-json\/wp\/v2\/pages\/1290\/revisions\/2836"}],"wp:attachment":[{"href":"https:\/\/thintechcoatings.com\/vi\/wp-json\/wp\/v2\/media?parent=1290"}],"curies":[{"name":"wp","href":"https:\/\/api.w.org\/{rel}","templated":true}]}}